{"id":98,"date":"2026-04-02T02:55:25","date_gmt":"2026-04-02T02:55:25","guid":{"rendered":"https:\/\/fundapetrol.lat\/?page_id=98"},"modified":"2026-04-02T03:33:14","modified_gmt":"2026-04-02T03:33:14","slug":"modulo-c-supervisorio","status":"publish","type":"page","link":"https:\/\/fundapetrol.lat\/?page_id=98","title":{"rendered":"Seguridad Industrial e Higiene Ocupacional Modulo &#8220;C&#8221; Supervisorio"},"content":{"rendered":"<div class=\"wp-block-image\">\n<figure class=\"aligncenter size-full is-resized\"><img loading=\"lazy\" decoding=\"async\" width=\"337\" height=\"325\" src=\"https:\/\/fundapetrol.lat\/wp-content\/uploads\/2026\/04\/unnamed-1.png\" alt=\"\" class=\"wp-image-106\" style=\"width:455px;height:auto\" srcset=\"https:\/\/fundapetrol.lat\/wp-content\/uploads\/2026\/04\/unnamed-1.png 337w, https:\/\/fundapetrol.lat\/wp-content\/uploads\/2026\/04\/unnamed-1-300x289.png 300w\" sizes=\"auto, (max-width: 337px) 100vw, 337px\" \/><\/figure>\n<\/div>\n\n\n<p class=\"has-medium-font-size\"><strong>Curso:<\/strong> <em>Seguridad industrial e Higiene Ocupacional (SIHO) Modulo C Supervisorio<\/em><\/p>\n\n\n\n<p class=\"has-medium-font-size\"><strong>Duraci\u00f3n:<\/strong> <em>40 horas<\/em><\/p>\n\n\n\n<p class=\"has-medium-font-size\"><em>Dirigido a Estudiantes universitarios, profesionales (Tsu, ingenieros, licenciados, abogados), Trabajadores<\/em><\/p>\n\n\n\n<p class=\"has-medium-font-size\"><strong>Contenido<\/strong><\/p>\n\n\n\n<p class=\"has-large-font-size\"><strong>Modulo I<\/strong><\/p>\n\n\n\n<p class=\"has-medium-font-size\">SENSIBILIZACION Y CONCIENTIZACION A LA SEGURIDAD, HIGIENE Y AMBIENTE (SHA)<\/p>\n\n\n\n<p class=\"has-large-font-size\"><strong>M\u00f3dulo II<\/strong><\/p>\n\n\n\n<p class=\"has-medium-font-size\"><strong>An\u00e1lisis de riesgos:<\/strong> Definiciones; M\u00e9todos Control de Riesgos; Actividades de Control de Riesgos; Tipos de Riesgos; Riesgos en la Industria Petrolera, Sistema de An\u00e1lisis de Riesgos (SAR); Matriz de Riesgos.<\/p>\n\n\n\n<p class=\"has-large-font-size\"><strong>M\u00f3dulo III<\/strong><\/p>\n\n\n\n<p class=\"has-medium-font-size\"><strong>Pr\u00e1cticas de Trabajo Seguro (PTS):<\/strong> Permisos de Trabajo (PDT); Seguridad en el Manejo del H2S; Seguridad en Excavaciones; Atm\u00f3sferas peligrosas; Espacios confinados.<\/p>\n\n\n\n<p class=\"has-large-font-size\"><strong>M\u00f3dulo IV<\/strong><\/p>\n\n\n\n<p class=\"has-medium-font-size\"><strong>Riesgos El\u00e9ctricos:<\/strong> Generalidades; Teor\u00eda electr\u00f3nica; Electricidad est\u00e1tica; Factores t\u00e9cnicos; Efectos fisiol\u00f3gicos de la corriente el\u00e9ctrica; Causas de los accidentes producidos por la energ\u00eda el\u00e9ctrica; Las reglas de oro para el trabajo con la corriente el\u00e9ctrica; Comportamiento en caso de accidentes el\u00e9ctricos.<\/p>\n\n\n\n<p class=\"has-large-font-size\"><strong>Modulo V<\/strong><\/p>\n\n\n\n<p class=\"has-medium-font-size\"><strong>Fuego:<\/strong> Combusti\u00f3n; Principios; representaci\u00f3n del fuego; Material combustible e inflamable; Definiciones; Fuentes de ignici\u00f3n; Clases de incendios.<\/p>\n\n\n\n<p class=\"has-large-font-size\"><strong>Modulo VI<\/strong><\/p>\n\n\n\n<p class=\"has-medium-font-size\"><strong>Ruido Ocupacional:<\/strong> Definiciones; Tipos de Ruido; Efectos a la salud; Factores de Riesgo; Equipos de Medici\u00f3n; Prevenci\u00f3n.<\/p>\n\n\n\n<p class=\"has-large-font-size\"><strong>M\u00f3dulo VII<\/strong><\/p>\n\n\n\n<p class=\"has-medium-font-size\"><strong>An\u00e1lisis Cuantitativo de Riesgo (ACR):<\/strong> Generalidades; An\u00e1lisis Preliminar de Peligros (APP); Criterios de Tolerancia de Riesgos; Costo Beneficio; An\u00e1lisis de Riesgos en proyectos de Ingenier\u00eda; An\u00e1lisis de Peligros y Operabilidad (HAZOP).<\/p>\n\n\n\n<p class=\"has-large-font-size\"><strong>M\u00f3dulo VIII<\/strong><\/p>\n\n\n\n<p class=\"has-medium-font-size\"><strong>Investigaci\u00f3n de Accidentes e Incidentes:<\/strong> Definiciones; Prop\u00f3sito; Beneficios; Importancia; Proporcionalidad de accidentes; Proceso de Investigaci\u00f3n; Comit\u00e9 de Investigaci\u00f3n; Informe.<\/p>\n\n\n\n<p class=\"has-large-font-size\"><strong>M\u00f3dulo IX<\/strong><\/p>\n\n\n\n<p class=\"has-medium-font-size\"><strong>Ambiente:<\/strong> Definiciones; Contaminaci\u00f3n Ambiental \/ Clasificaci\u00f3n; Impacto Ambiental (derrames: clasificaci\u00f3n \/ causas \/ respuesta a los derrames); Normativa Legal.<\/p>\n\n\n\n<p class=\"has-large-font-size\"><strong>Modulo x<\/strong><\/p>\n\n\n\n<p class=\"has-medium-font-size\">Prueba final de conocimiento aprobatoria para la certificaci\u00f3n ocupacional<\/p>\n\n\n\n<p class=\"has-medium-font-size\"><strong>&nbsp;\u00bfEn qu\u00e9 consiste la Certificaci\u00f3n Ocupacional Fundapetrol?<\/strong><\/p>\n\n\n\n<p class=\"has-medium-font-size\"><em>* Proceso en el cual se reconoce formalmente los conocimientos, destrezas, habilidades y competencias del Estudiante y trabajador.<\/em><\/p>\n\n\n\n<p class=\"has-medium-font-size\"><em>* Diagnostica las necesidades de capacitaci\u00f3n permitiendo mejorar los niveles de desempe\u00f1o y desarrollo del trabajador en su \u00e1rea ocupacional.<\/em><\/p>\n\n\n\n<p class=\"has-medium-font-size\"><strong>\u00bfQu\u00e9 beneficio ofrece para el trabajador?<\/strong><\/p>\n\n\n\n<p class=\"has-medium-font-size\">. -Ubicaci\u00f3n en el oficio para el cual est\u00e1 calificado.<\/p>\n\n\n\n<p class=\"has-medium-font-size\">. -Oportunidades de empleo a nivel nacional de acuerdo a su calificaci\u00f3n.<\/p>\n\n\n\n<p class=\"has-medium-font-size\">. -Mayor seguridad y calidad en la ejecuci\u00f3n del trabajo.<\/p>\n\n\n\n<p class=\"has-medium-font-size\">. -Actualizaci\u00f3n y crecimiento personal.<\/p>\n\n\n\n<p class=\"has-medium-font-size\"><strong>\u00bfQu\u00e9 beneficio ofrece para el empleador?<\/strong><\/p>\n\n\n\n<p class=\"has-medium-font-size\">. -Disponibilidad de mano de obra calificada.<\/p>\n\n\n\n<p class=\"has-medium-font-size\">. -Calidad.<\/p>\n\n\n\n<p class=\"has-medium-font-size\">. -Seguridad y productividad en las operaciones.<\/p>\n\n\n\n<p class=\"has-medium-font-size\">. -Reducci\u00f3n de Costos<\/p>\n\n\n\n<p class=\"has-medium-font-size\"><strong>\u00bfQu\u00e9 obligatoriedad tiene la Certificaci\u00f3n Ocupacional?<\/strong><\/p>\n\n\n\n<p class=\"has-medium-font-size\">La Certificaci\u00f3n Ocupacional es un proceso utilizado por las organizaciones petroleras e industriales y es un requisito indispensable para ingresar en las Empresas Petroleras, B\u00e1sicas de Guayana, Mineras e Industriales del Pa\u00eds.<\/p>\n\n\n\n<p class=\"has-medium-font-size\"><strong>FUNDAPETROL<\/strong> ha aprobado el compromiso institucional de certificaci\u00f3n ocupacional, para garantizar que sus estudiantes, personal adiestrado y el de las empresas e Instituciones que lo soliciten, respondan a las expectativas de calidad y excelencia en la ejecuci\u00f3n de los diferentes oficios.<\/p>\n","protected":false},"excerpt":{"rendered":"<p>Curso: Seguridad industrial e Higiene Ocupacional (SIHO) Modulo C Supervisorio Duraci\u00f3n: 40 horas Dirigido a Estudiantes universitarios, profesionales (Tsu, ingenieros, licenciados, abogados), Trabajadores Contenido Modulo I SENSIBILIZACION Y CONCIENTIZACION A LA SEGURIDAD, HIGIENE Y AMBIENTE (SHA) M\u00f3dulo II An\u00e1lisis de riesgos: Definiciones; M\u00e9todos Control de Riesgos; Actividades de Control de Riesgos; Tipos de Riesgos; Riesgos [&hellip;]<\/p>\n","protected":false},"author":1,"featured_media":0,"parent":0,"menu_order":0,"comment_status":"closed","ping_status":"closed","template":"","meta":{"footnotes":""},"class_list":["post-98","page","type-page","status-publish","hentry"],"_links":{"self":[{"href":"https:\/\/fundapetrol.lat\/index.php?rest_route=\/wp\/v2\/pages\/98","targetHints":{"allow":["GET"]}}],"collection":[{"href":"https:\/\/fundapetrol.lat\/index.php?rest_route=\/wp\/v2\/pages"}],"about":[{"href":"https:\/\/fundapetrol.lat\/index.php?rest_route=\/wp\/v2\/types\/page"}],"author":[{"embeddable":true,"href":"https:\/\/fundapetrol.lat\/index.php?rest_route=\/wp\/v2\/users\/1"}],"replies":[{"embeddable":true,"href":"https:\/\/fundapetrol.lat\/index.php?rest_route=%2Fwp%2Fv2%2Fcomments&post=98"}],"version-history":[{"count":3,"href":"https:\/\/fundapetrol.lat\/index.php?rest_route=\/wp\/v2\/pages\/98\/revisions"}],"predecessor-version":[{"id":110,"href":"https:\/\/fundapetrol.lat\/index.php?rest_route=\/wp\/v2\/pages\/98\/revisions\/110"}],"wp:attachment":[{"href":"https:\/\/fundapetrol.lat\/index.php?rest_route=%2Fwp%2Fv2%2Fmedia&parent=98"}],"curies":[{"name":"wp","href":"https:\/\/api.w.org\/{rel}","templated":true}]}}